{"id":6700,"date":"2025-04-22T13:16:19","date_gmt":"2025-04-22T11:16:19","guid":{"rendered":"https:\/\/dropsofsoul.at\/product\/assorted-coffee\/"},"modified":"2026-04-25T13:08:04","modified_gmt":"2026-04-25T11:08:04","slug":"raspberry-and-lychee-cordial","status":"publish","type":"product","link":"https:\/\/dropsofsoul.at\/de\/product\/raspberry-and-lychee-cordial\/","title":{"rendered":"Raspberry &amp; Lychee Cordial"},"content":{"rendered":"<p style=\"font-weight: 400;\"><strong>Raspberry &amp; Lychee Cordial<\/strong><\/p>\n<p style=\"font-weight: 400;\">Dieser elegante Cordial vereint die feine S\u00e4ure reifer, saftiger Himbeeren mit der floralen S\u00fc\u00dfe der Litschi. Durch ein pr\u00e4zises und schonendes Extraktionsverfahren bleiben die nat\u00fcrlichen Eigenschaften der Fr\u00fcchte erhalten, wodurch ein harmonischer und sanfter Geschmack entsteht. Ideal f\u00fcr Cocktails und Mocktails gleicherma\u00dfen \u2013 sein ausgewogenes Aroma f\u00e4ngt die Essenz frischer Fr\u00fcchte ein und hinterl\u00e4sst einen lang anhaltenden, vollmundigen Abgang in jedem Tropfen.<\/p>\n<hr \/>\n<p style=\"font-weight: 400;\"><strong>Zutaten:\u00a0<\/strong>Himbeeren, Litschi (Frucht &amp; Sirup), Zucker, Zitronens\u00e4ure, \u00c4pfels\u00e4ure, Pektinase, Kaliumsorbat.<\/p>","protected":false},"excerpt":{"rendered":"<p>A finely balanced cordial that unites the vibrant freshness of ripe raspberries with the exotic sweetness of lychee for an elegant, fruity-floral experience. Perfeckt in cocktails, mocktails, sodas, lemonades or even in your tea!<\/p>","protected":false},"featured_media":9103,"comment_status":"open","ping_status":"closed","template":"","meta":{"site-sidebar-layout":"default","site-content-layout":"default","ast-site-content-layout":"default","site-content-style":"default","site-sidebar-style":"default","ast-global-header-display":"","ast-banner-title-visibility":"","ast-main-header-display":"","ast-hfb-above-header-display":"","ast-hfb-below-header-display":"","ast-hfb-mobile-header-display":"","site-post-title":"","ast-breadcrumbs-content":"","ast-featured-img":"","footer-sml-layout":"","ast-disable-related-posts":"","theme-transparent-header-meta":"default","adv-header-id-meta":"","stick-header-meta":"","header-above-stick-meta":"","header-main-stick-meta":"","header-below-stick-meta":"","astra-migrate-meta-layouts":"set","ast-page-background-enabled":"default","ast-page-background-meta":{"desktop":{"background-color":"","background-image":"","background-repeat":"repeat","background-position":"center center","background-size":"auto","background-attachment":"scroll","background-type":"","background-media":"","overlay-type":"","overlay-color":"","overlay-opacity":"","overlay-gradient":""},"tablet":{"background-color":"","background-image":"","background-repeat":"repeat","background-position":"center center","background-size":"auto","background-attachment":"scroll","background-type":"","background-media":"","overlay-type":"","overlay-color":"","overlay-opacity":"","overlay-gradient":""},"mobile":{"background-color":"","background-image":"","background-repeat":"repeat","background-position":"center center","background-size":"auto","background-attachment":"scroll","background-type":"","background-media":"","overlay-type":"","overlay-color":"","overlay-opacity":"","overlay-gradient":""}},"ast-content-background-meta":{"desktop":{"background-color":"var(--ast-global-color-5)","background-image":"","background-repeat":"repeat","background-position":"center center","background-size":"auto","background-attachment":"scroll","background-type":"","background-media":"","overlay-type":"","overlay-color":"","overlay-opacity":"","overlay-gradient":""},"tablet":{"background-color":"var(--ast-global-color-5)","background-image":"","background-repeat":"repeat","background-position":"center center","background-size":"auto","background-attachment":"scroll","background-type":"","background-media":"","overlay-type":"","overlay-color":"","overlay-opacity":"","overlay-gradient":""},"mobile":{"background-color":"var(--ast-global-color-5)","background-image":"","background-repeat":"repeat","background-position":"center center","background-size":"auto","background-attachment":"scroll","background-type":"","background-media":"","overlay-type":"","overlay-color":"","overlay-opacity":"","overlay-gradient":""}},"jetpack_post_was_ever_published":true,"jetpack_publicize_message":"","jetpack_publicize_feature_enabled":true,"jetpack_social_post_already_shared":true,"jetpack_social_options":{"image_generator_settings":{"template":"highway","default_image_id":0,"font":"","enabled":false},"version":2}},"product_brand":[],"product_cat":[74],"product_tag":[],"class_list":{"0":"post-6700","1":"product","2":"type-product","3":"status-publish","4":"has-post-thumbnail","6":"product_cat-cordials","7":"_wholesalex wsx-wholesalex-product","8":"desktop-align-center","9":"tablet-align-center","10":"mobile-align-center","12":"first","13":"instock","14":"featured","15":"taxable","16":"shipping-taxable","17":"purchasable","18":"product-type-simple"},"yoast_head":"<!-- This site is optimized with the Yoast SEO plugin v27.5 - https:\/\/yoast.com\/product\/yoast-seo-wordpress\/ -->\n<title>Raspberry &amp; Lychee Cordial - Dropsofsoul<\/title>\n<meta name=\"description\" content=\"Our Raspberry &amp; Lychee Cordial is a finely balanced cordial that unites the vibrant freshness of ripe raspberries with the exotic sweetness of lychee.\" \/>\n<meta name=\"robots\" content=\"index, follow, max-snippet:-1, max-image-preview:large, max-video-preview:-1\" \/>\n<link rel=\"canonical\" href=\"https:\/\/dropsofsoul.at\/de\/product\/raspberry-and-lychee-cordial\/\" \/>\n<meta property=\"og:locale\" content=\"de_DE\" \/>\n<meta property=\"og:type\" content=\"article\" \/>\n<meta property=\"og:title\" content=\"Raspberry &amp; Lychee Cordial - Dropsofsoul\" \/>\n<meta property=\"og:description\" content=\"Our Raspberry &amp; Lychee Cordial is a finely balanced cordial that unites the vibrant freshness of ripe raspberries with the exotic sweetness of lychee.\" \/>\n<meta property=\"og:url\" content=\"https:\/\/dropsofsoul.at\/de\/product\/raspberry-and-lychee-cordial\/\" \/>\n<meta property=\"og:site_name\" content=\"Dropsofsoul\" \/>\n<meta property=\"article:modified_time\" content=\"2026-04-25T11:08:04+00:00\" \/>\n<meta property=\"og:image\" content=\"https:\/\/dropsofsoul.at\/wp-content\/uploads\/2025\/04\/raspberry-lychee-cordial-mockup.jpeg\" \/>\n\t<meta property=\"og:image:width\" content=\"1254\" \/>\n\t<meta property=\"og:image:height\" content=\"1254\" \/>\n\t<meta property=\"og:image:type\" content=\"image\/jpeg\" \/>\n<meta name=\"twitter:card\" content=\"summary_large_image\" \/>\n<meta name=\"twitter:label1\" content=\"Gesch\u00e4tzte Lesezeit\" \/>\n\t<meta name=\"twitter:data1\" content=\"1 Minute\" \/>\n<script type=\"application\/ld+json\" class=\"yoast-schema-graph\">{\"@context\":\"https:\\\/\\\/schema.org\",\"@graph\":[{\"@type\":\"WebPage\",\"@id\":\"https:\\\/\\\/dropsofsoul.at\\\/product\\\/raspberry-and-lychee-cordial\\\/\",\"url\":\"https:\\\/\\\/dropsofsoul.at\\\/product\\\/raspberry-and-lychee-cordial\\\/\",\"name\":\"Raspberry &amp; Lychee Cordial - Dropsofsoul\",\"isPartOf\":{\"@id\":\"https:\\\/\\\/dropsofsoul.at\\\/#website\"},\"primaryImageOfPage\":{\"@id\":\"https:\\\/\\\/dropsofsoul.at\\\/product\\\/raspberry-and-lychee-cordial\\\/#primaryimage\"},\"image\":{\"@id\":\"https:\\\/\\\/dropsofsoul.at\\\/product\\\/raspberry-and-lychee-cordial\\\/#primaryimage\"},\"thumbnailUrl\":\"https:\\\/\\\/i0.wp.com\\\/dropsofsoul.at\\\/wp-content\\\/uploads\\\/2025\\\/04\\\/raspberry-lychee-cordial-mockup.jpeg?fit=1254%2C1254&ssl=1\",\"datePublished\":\"2025-04-22T11:16:19+00:00\",\"dateModified\":\"2026-04-25T11:08:04+00:00\",\"description\":\"Our Raspberry & Lychee Cordial is a finely balanced cordial that unites the vibrant freshness of ripe raspberries with the exotic sweetness of lychee.\",\"breadcrumb\":{\"@id\":\"https:\\\/\\\/dropsofsoul.at\\\/product\\\/raspberry-and-lychee-cordial\\\/#breadcrumb\"},\"inLanguage\":\"de-AT\",\"potentialAction\":[{\"@type\":\"ReadAction\",\"target\":[\"https:\\\/\\\/dropsofsoul.at\\\/product\\\/raspberry-and-lychee-cordial\\\/\"]}]},{\"@type\":\"ImageObject\",\"inLanguage\":\"de-AT\",\"@id\":\"https:\\\/\\\/dropsofsoul.at\\\/product\\\/raspberry-and-lychee-cordial\\\/#primaryimage\",\"url\":\"https:\\\/\\\/i0.wp.com\\\/dropsofsoul.at\\\/wp-content\\\/uploads\\\/2025\\\/04\\\/raspberry-lychee-cordial-mockup.jpeg?fit=1254%2C1254&ssl=1\",\"contentUrl\":\"https:\\\/\\\/i0.wp.com\\\/dropsofsoul.at\\\/wp-content\\\/uploads\\\/2025\\\/04\\\/raspberry-lychee-cordial-mockup.jpeg?fit=1254%2C1254&ssl=1\",\"width\":1254,\"height\":1254,\"caption\":\"raspberry-lychee-cordial-himbeer-litschi-cordial-sirup\"},{\"@type\":\"BreadcrumbList\",\"@id\":\"https:\\\/\\\/dropsofsoul.at\\\/product\\\/raspberry-and-lychee-cordial\\\/#breadcrumb\",\"itemListElement\":[{\"@type\":\"ListItem\",\"position\":1,\"name\":\"Home\",\"item\":\"https:\\\/\\\/dropsofsoul.at\\\/\"},{\"@type\":\"ListItem\",\"position\":2,\"name\":\"Shop\",\"item\":\"https:\\\/\\\/dropsofsoul.at\\\/premium-cocktail-ingredients-bitters-shrubs-cocktail-sets\\\/\"},{\"@type\":\"ListItem\",\"position\":3,\"name\":\"Raspberry &amp; Lychee Cordial\"}]},{\"@type\":\"WebSite\",\"@id\":\"https:\\\/\\\/dropsofsoul.at\\\/#website\",\"url\":\"https:\\\/\\\/dropsofsoul.at\\\/\",\"name\":\"Dropsofsoul\",\"description\":\"Artisanal Cocktail Essentials\",\"publisher\":{\"@id\":\"https:\\\/\\\/dropsofsoul.at\\\/#organization\"},\"potentialAction\":[{\"@type\":\"SearchAction\",\"target\":{\"@type\":\"EntryPoint\",\"urlTemplate\":\"https:\\\/\\\/dropsofsoul.at\\\/?s={search_term_string}\"},\"query-input\":{\"@type\":\"PropertyValueSpecification\",\"valueRequired\":true,\"valueName\":\"search_term_string\"}}],\"inLanguage\":\"de-AT\"},{\"@type\":\"Organization\",\"@id\":\"https:\\\/\\\/dropsofsoul.at\\\/#organization\",\"name\":\"Dropsofsoul\",\"url\":\"https:\\\/\\\/dropsofsoul.at\\\/\",\"logo\":{\"@type\":\"ImageObject\",\"inLanguage\":\"de-AT\",\"@id\":\"https:\\\/\\\/dropsofsoul.at\\\/#\\\/schema\\\/logo\\\/image\\\/\",\"url\":\"https:\\\/\\\/i0.wp.com\\\/dropsofsoul.at\\\/wp-content\\\/uploads\\\/2025\\\/04\\\/3E968321-2679-49CD-8346-3B74D2CF824B-removebg-preview.png?fit=612%2C408&ssl=1\",\"contentUrl\":\"https:\\\/\\\/i0.wp.com\\\/dropsofsoul.at\\\/wp-content\\\/uploads\\\/2025\\\/04\\\/3E968321-2679-49CD-8346-3B74D2CF824B-removebg-preview.png?fit=612%2C408&ssl=1\",\"width\":612,\"height\":408,\"caption\":\"Dropsofsoul\"},\"image\":{\"@id\":\"https:\\\/\\\/dropsofsoul.at\\\/#\\\/schema\\\/logo\\\/image\\\/\"},\"sameAs\":[\"https:\\\/\\\/www.instagram.com\\\/dropsofsoul_at?igsh=MXRtN3Bmcmx3d2QzZA&utm_source=qr\"]}]}<\/script>\n<!-- \/ Yoast SEO plugin. -->","yoast_head_json":{"title":"Raspberry &amp; Lychee Cordial - Dropsofsoul","description":"Our Raspberry & Lychee Cordial is a finely balanced cordial that unites the vibrant freshness of ripe raspberries with the exotic sweetness of lychee.","robots":{"index":"index","follow":"follow","max-snippet":"max-snippet:-1","max-image-preview":"max-image-preview:large","max-video-preview":"max-video-preview:-1"},"canonical":"https:\/\/dropsofsoul.at\/de\/product\/raspberry-and-lychee-cordial\/","og_locale":"de_DE","og_type":"article","og_title":"Raspberry &amp; Lychee Cordial - Dropsofsoul","og_description":"Our Raspberry & Lychee Cordial is a finely balanced cordial that unites the vibrant freshness of ripe raspberries with the exotic sweetness of lychee.","og_url":"https:\/\/dropsofsoul.at\/de\/product\/raspberry-and-lychee-cordial\/","og_site_name":"Dropsofsoul","article_modified_time":"2026-04-25T11:08:04+00:00","og_image":[{"width":1254,"height":1254,"url":"https:\/\/dropsofsoul.at\/wp-content\/uploads\/2025\/04\/raspberry-lychee-cordial-mockup.jpeg","type":"image\/jpeg"}],"twitter_card":"summary_large_image","twitter_misc":{"Gesch\u00e4tzte Lesezeit":"1 Minute"},"schema":{"@context":"https:\/\/schema.org","@graph":[{"@type":"WebPage","@id":"https:\/\/dropsofsoul.at\/product\/raspberry-and-lychee-cordial\/","url":"https:\/\/dropsofsoul.at\/product\/raspberry-and-lychee-cordial\/","name":"Raspberry &amp; Lychee Cordial - Dropsofsoul","isPartOf":{"@id":"https:\/\/dropsofsoul.at\/#website"},"primaryImageOfPage":{"@id":"https:\/\/dropsofsoul.at\/product\/raspberry-and-lychee-cordial\/#primaryimage"},"image":{"@id":"https:\/\/dropsofsoul.at\/product\/raspberry-and-lychee-cordial\/#primaryimage"},"thumbnailUrl":"https:\/\/i0.wp.com\/dropsofsoul.at\/wp-content\/uploads\/2025\/04\/raspberry-lychee-cordial-mockup.jpeg?fit=1254%2C1254&ssl=1","datePublished":"2025-04-22T11:16:19+00:00","dateModified":"2026-04-25T11:08:04+00:00","description":"Our Raspberry & Lychee Cordial is a finely balanced cordial that unites the vibrant freshness of ripe raspberries with the exotic sweetness of lychee.","breadcrumb":{"@id":"https:\/\/dropsofsoul.at\/product\/raspberry-and-lychee-cordial\/#breadcrumb"},"inLanguage":"de-AT","potentialAction":[{"@type":"ReadAction","target":["https:\/\/dropsofsoul.at\/product\/raspberry-and-lychee-cordial\/"]}]},{"@type":"ImageObject","inLanguage":"de-AT","@id":"https:\/\/dropsofsoul.at\/product\/raspberry-and-lychee-cordial\/#primaryimage","url":"https:\/\/i0.wp.com\/dropsofsoul.at\/wp-content\/uploads\/2025\/04\/raspberry-lychee-cordial-mockup.jpeg?fit=1254%2C1254&ssl=1","contentUrl":"https:\/\/i0.wp.com\/dropsofsoul.at\/wp-content\/uploads\/2025\/04\/raspberry-lychee-cordial-mockup.jpeg?fit=1254%2C1254&ssl=1","width":1254,"height":1254,"caption":"raspberry-lychee-cordial-himbeer-litschi-cordial-sirup"},{"@type":"BreadcrumbList","@id":"https:\/\/dropsofsoul.at\/product\/raspberry-and-lychee-cordial\/#breadcrumb","itemListElement":[{"@type":"ListItem","position":1,"name":"Home","item":"https:\/\/dropsofsoul.at\/"},{"@type":"ListItem","position":2,"name":"Shop","item":"https:\/\/dropsofsoul.at\/premium-cocktail-ingredients-bitters-shrubs-cocktail-sets\/"},{"@type":"ListItem","position":3,"name":"Raspberry &amp; Lychee Cordial"}]},{"@type":"WebSite","@id":"https:\/\/dropsofsoul.at\/#website","url":"https:\/\/dropsofsoul.at\/","name":"Dropsofsoul","description":"Artisanal Cocktail Essentials","publisher":{"@id":"https:\/\/dropsofsoul.at\/#organization"},"potentialAction":[{"@type":"SearchAction","target":{"@type":"EntryPoint","urlTemplate":"https:\/\/dropsofsoul.at\/?s={search_term_string}"},"query-input":{"@type":"PropertyValueSpecification","valueRequired":true,"valueName":"search_term_string"}}],"inLanguage":"de-AT"},{"@type":"Organization","@id":"https:\/\/dropsofsoul.at\/#organization","name":"Dropsofsoul","url":"https:\/\/dropsofsoul.at\/","logo":{"@type":"ImageObject","inLanguage":"de-AT","@id":"https:\/\/dropsofsoul.at\/#\/schema\/logo\/image\/","url":"https:\/\/i0.wp.com\/dropsofsoul.at\/wp-content\/uploads\/2025\/04\/3E968321-2679-49CD-8346-3B74D2CF824B-removebg-preview.png?fit=612%2C408&ssl=1","contentUrl":"https:\/\/i0.wp.com\/dropsofsoul.at\/wp-content\/uploads\/2025\/04\/3E968321-2679-49CD-8346-3B74D2CF824B-removebg-preview.png?fit=612%2C408&ssl=1","width":612,"height":408,"caption":"Dropsofsoul"},"image":{"@id":"https:\/\/dropsofsoul.at\/#\/schema\/logo\/image\/"},"sameAs":["https:\/\/www.instagram.com\/dropsofsoul_at?igsh=MXRtN3Bmcmx3d2QzZA&utm_source=qr"]}]}},"jetpack_publicize_connections":[],"jetpack_sharing_enabled":true,"jetpack_likes_enabled":true,"_links":{"self":[{"href":"https:\/\/dropsofsoul.at\/de\/wp-json\/wp\/v2\/product\/6700","targetHints":{"allow":["GET"]}}],"collection":[{"href":"https:\/\/dropsofsoul.at\/de\/wp-json\/wp\/v2\/product"}],"about":[{"href":"https:\/\/dropsofsoul.at\/de\/wp-json\/wp\/v2\/types\/product"}],"replies":[{"embeddable":true,"href":"https:\/\/dropsofsoul.at\/de\/wp-json\/wp\/v2\/comments?post=6700"}],"wp:featuredmedia":[{"embeddable":true,"href":"https:\/\/dropsofsoul.at\/de\/wp-json\/wp\/v2\/media\/9103"}],"wp:attachment":[{"href":"https:\/\/dropsofsoul.at\/de\/wp-json\/wp\/v2\/media?parent=6700"}],"wp:term":[{"taxonomy":"product_brand","embeddable":true,"href":"https:\/\/dropsofsoul.at\/de\/wp-json\/wp\/v2\/product_brand?post=6700"},{"taxonomy":"product_cat","embeddable":true,"href":"https:\/\/dropsofsoul.at\/de\/wp-json\/wp\/v2\/product_cat?post=6700"},{"taxonomy":"product_tag","embeddable":true,"href":"https:\/\/dropsofsoul.at\/de\/wp-json\/wp\/v2\/product_tag?post=6700"}],"curies":[{"name":"wp","href":"https:\/\/api.w.org\/{rel}","templated":true}]}}