{"id":170,"date":"2025-04-22T11:16:19","date_gmt":"2025-04-22T11:16:19","guid":{"rendered":"https:\/\/dropsofsoul.at\/product\/natural-extracted-olive-oil\/"},"modified":"2025-10-03T12:10:28","modified_gmt":"2025-10-03T10:10:28","slug":"roasted-corn-and-smoked-chili-bitters","status":"publish","type":"product","link":"https:\/\/dropsofsoul.at\/de\/product\/roasted-corn-and-smoked-chili-bitters\/","title":{"rendered":"Roasted Corn &#038; Smoked Chili Bitters"},"content":{"rendered":"<p style=\"font-weight: 400;\">Eine Feier von Feuer und Erde: Dieser kraftvolle und ausdrucksstarke Bitter verbindet das s\u00fc\u00df-nussige Aroma von ger\u00f6stetem Mais mit der rauchigen Tiefe getrockneter Chilis und zollt der reichen mesoamerikanischen K\u00fcche Tribut.<\/p>\n<p style=\"font-weight: 400;\">Abgerundet mit Kakao und warmen Gew\u00fcrzen liefert er eine herzhafte, rauchige Komplexit\u00e4t, die Cocktails in unverwechselbare Kreationen verwandelt. Handgefertigt f\u00fcr innovative Bartender, ist er die essentielle Zutat, um Drinks reichhaltige Schichten und eine sanfte W\u00e4rme zu verleihen.<\/p>\n<p style=\"font-weight: 400;\" class=\"translation-block\"><strong>Geschmacksprofil:  <\/strong>Herzhaft, rauchig und erdig, mit einer nat\u00fcrlichen S\u00fc\u00dfe von ger\u00f6stetem Mais und einer feinen Sch\u00e4rfe von ger\u00e4ucherten Chilis wie Pasilla oder Guajillo.<\/p>","protected":false},"excerpt":{"rendered":"<p>S\u00fc\u00df ger\u00f6steter Mais trifft auf rauchige Chilis und warme Gew\u00fcrze. Ein herzhafter, erdiger Bitter mit subtiler Sch\u00e4rfe \u2013 kreiert, um Cocktails Tiefe und Feuer zu verleihen.<\/p>","protected":false},"featured_media":8420,"comment_status":"open","ping_status":"closed","template":"","meta":{"site-sidebar-layout":"default","site-content-layout":"default","ast-site-content-layout":"default","site-content-style":"default","site-sidebar-style":"default","ast-global-header-display":"","ast-banner-title-visibility":"","ast-main-header-display":"","ast-hfb-above-header-display":"","ast-hfb-below-header-display":"","ast-hfb-mobile-header-display":"","site-post-title":"","ast-breadcrumbs-content":"","ast-featured-img":"","footer-sml-layout":"","ast-disable-related-posts":"","theme-transparent-header-meta":"default","adv-header-id-meta":"","stick-header-meta":"","header-above-stick-meta":"","header-main-stick-meta":"","header-below-stick-meta":"","astra-migrate-meta-layouts":"set","ast-page-background-enabled":"default","ast-page-background-meta":{"desktop":{"background-color":"","background-image":"","background-repeat":"repeat","background-position":"center center","background-size":"auto","background-attachment":"scroll","background-type":"","background-media":"","overlay-type":"","overlay-color":"","overlay-opacity":"","overlay-gradient":""},"tablet":{"background-color":"","background-image":"","background-repeat":"repeat","background-position":"center center","background-size":"auto","background-attachment":"scroll","background-type":"","background-media":"","overlay-type":"","overlay-color":"","overlay-opacity":"","overlay-gradient":""},"mobile":{"background-color":"","background-image":"","background-repeat":"repeat","background-position":"center center","background-size":"auto","background-attachment":"scroll","background-type":"","background-media":"","overlay-type":"","overlay-color":"","overlay-opacity":"","overlay-gradient":""}},"ast-content-background-meta":{"desktop":{"background-color":"var(--ast-global-color-5)","background-image":"","background-repeat":"repeat","background-position":"center center","background-size":"auto","background-attachment":"scroll","background-type":"","background-media":"","overlay-type":"","overlay-color":"","overlay-opacity":"","overlay-gradient":""},"tablet":{"background-color":"var(--ast-global-color-5)","background-image":"","background-repeat":"repeat","background-position":"center center","background-size":"auto","background-attachment":"scroll","background-type":"","background-media":"","overlay-type":"","overlay-color":"","overlay-opacity":"","overlay-gradient":""},"mobile":{"background-color":"var(--ast-global-color-5)","background-image":"","background-repeat":"repeat","background-position":"center center","background-size":"auto","background-attachment":"scroll","background-type":"","background-media":"","overlay-type":"","overlay-color":"","overlay-opacity":"","overlay-gradient":""}},"jetpack_post_was_ever_published":false,"jetpack_publicize_message":"","jetpack_publicize_feature_enabled":true,"jetpack_social_post_already_shared":false,"jetpack_social_options":{"image_generator_settings":{"template":"highway","default_image_id":0,"font":"","enabled":false},"version":2}},"product_brand":[],"product_cat":[73],"product_tag":[86,91],"class_list":{"0":"post-170","1":"product","2":"type-product","3":"status-publish","4":"has-post-thumbnail","6":"product_cat-cocktail-bitters","7":"product_tag-cocktail-bitters","8":"product_tag-roasted-corn-chipotle-bitters","9":"_wholesalex wsx-wholesalex-product","10":"desktop-align-center","11":"tablet-align-center","12":"mobile-align-center","14":"first","15":"instock","16":"featured","17":"taxable","18":"shipping-taxable","19":"purchasable","20":"product-type-simple"},"yoast_head":"<!-- This site is optimized with the Yoast SEO plugin v27.5 - https:\/\/yoast.com\/product\/yoast-seo-wordpress\/ -->\n<title>Roasted Corn &amp; Smoked Chili Bitters - Dropsofsoul<\/title>\n<meta name=\"robots\" content=\"index, follow, max-snippet:-1, max-image-preview:large, max-video-preview:-1\" \/>\n<link rel=\"canonical\" href=\"https:\/\/dropsofsoul.at\/de\/product\/roasted-corn-and-smoked-chili-bitters\/\" \/>\n<meta property=\"og:locale\" content=\"de_DE\" \/>\n<meta property=\"og:type\" content=\"article\" \/>\n<meta property=\"og:title\" content=\"Roasted Corn &amp; Smoked Chili Bitters - Dropsofsoul\" \/>\n<meta property=\"og:description\" content=\"Sweet roasted corn meets smoky chilies and warm spices. A savory, earthy bitters with subtle heat\u2014crafted to add depth and fire to bold cocktail creations.\" \/>\n<meta property=\"og:url\" content=\"https:\/\/dropsofsoul.at\/de\/product\/roasted-corn-and-smoked-chili-bitters\/\" \/>\n<meta property=\"og:site_name\" content=\"Dropsofsoul\" \/>\n<meta property=\"article:modified_time\" content=\"2025-10-03T10:10:28+00:00\" \/>\n<meta property=\"og:image\" content=\"https:\/\/i0.wp.com\/9xt.18d.myftpupload.com\/wp-content\/uploads\/2025\/04\/roasted-corn-chipotle-bitters-drops-of-soul.png?fit=800%2C800&ssl=1\" \/>\n\t<meta property=\"og:image:width\" content=\"800\" \/>\n\t<meta property=\"og:image:height\" content=\"800\" \/>\n\t<meta property=\"og:image:type\" content=\"image\/png\" \/>\n<meta name=\"twitter:card\" content=\"summary_large_image\" \/>\n<script type=\"application\/ld+json\" class=\"yoast-schema-graph\">{\"@context\":\"https:\\\/\\\/schema.org\",\"@graph\":[{\"@type\":\"WebPage\",\"@id\":\"https:\\\/\\\/dropsofsoul.at\\\/product\\\/roasted-corn-and-smoked-chili-bitters\\\/\",\"url\":\"https:\\\/\\\/dropsofsoul.at\\\/product\\\/roasted-corn-and-smoked-chili-bitters\\\/\",\"name\":\"Roasted Corn & Smoked Chili Bitters - Dropsofsoul\",\"isPartOf\":{\"@id\":\"https:\\\/\\\/dropsofsoul.at\\\/#website\"},\"primaryImageOfPage\":{\"@id\":\"https:\\\/\\\/dropsofsoul.at\\\/product\\\/roasted-corn-and-smoked-chili-bitters\\\/#primaryimage\"},\"image\":{\"@id\":\"https:\\\/\\\/dropsofsoul.at\\\/product\\\/roasted-corn-and-smoked-chili-bitters\\\/#primaryimage\"},\"thumbnailUrl\":\"https:\\\/\\\/i0.wp.com\\\/dropsofsoul.at\\\/wp-content\\\/uploads\\\/2025\\\/04\\\/roasted-corn-chipotle-bitters-drops-of-soul.png?fit=800%2C800&ssl=1\",\"datePublished\":\"2025-04-22T11:16:19+00:00\",\"dateModified\":\"2025-10-03T10:10:28+00:00\",\"breadcrumb\":{\"@id\":\"https:\\\/\\\/dropsofsoul.at\\\/product\\\/roasted-corn-and-smoked-chili-bitters\\\/#breadcrumb\"},\"inLanguage\":\"de-AT\",\"potentialAction\":[{\"@type\":\"ReadAction\",\"target\":[\"https:\\\/\\\/dropsofsoul.at\\\/product\\\/roasted-corn-and-smoked-chili-bitters\\\/\"]}]},{\"@type\":\"ImageObject\",\"inLanguage\":\"de-AT\",\"@id\":\"https:\\\/\\\/dropsofsoul.at\\\/product\\\/roasted-corn-and-smoked-chili-bitters\\\/#primaryimage\",\"url\":\"https:\\\/\\\/i0.wp.com\\\/dropsofsoul.at\\\/wp-content\\\/uploads\\\/2025\\\/04\\\/roasted-corn-chipotle-bitters-drops-of-soul.png?fit=800%2C800&ssl=1\",\"contentUrl\":\"https:\\\/\\\/i0.wp.com\\\/dropsofsoul.at\\\/wp-content\\\/uploads\\\/2025\\\/04\\\/roasted-corn-chipotle-bitters-drops-of-soul.png?fit=800%2C800&ssl=1\",\"width\":800,\"height\":800},{\"@type\":\"BreadcrumbList\",\"@id\":\"https:\\\/\\\/dropsofsoul.at\\\/product\\\/roasted-corn-and-smoked-chili-bitters\\\/#breadcrumb\",\"itemListElement\":[{\"@type\":\"ListItem\",\"position\":1,\"name\":\"Home\",\"item\":\"https:\\\/\\\/dropsofsoul.at\\\/\"},{\"@type\":\"ListItem\",\"position\":2,\"name\":\"Shop\",\"item\":\"https:\\\/\\\/dropsofsoul.at\\\/premium-cocktail-ingredients-bitters-shrubs-cocktail-sets\\\/\"},{\"@type\":\"ListItem\",\"position\":3,\"name\":\"Roasted Corn &#038; Smoked Chili Bitters\"}]},{\"@type\":\"WebSite\",\"@id\":\"https:\\\/\\\/dropsofsoul.at\\\/#website\",\"url\":\"https:\\\/\\\/dropsofsoul.at\\\/\",\"name\":\"Dropsofsoul\",\"description\":\"Artisanal Cocktail Essentials\",\"publisher\":{\"@id\":\"https:\\\/\\\/dropsofsoul.at\\\/#organization\"},\"potentialAction\":[{\"@type\":\"SearchAction\",\"target\":{\"@type\":\"EntryPoint\",\"urlTemplate\":\"https:\\\/\\\/dropsofsoul.at\\\/?s={search_term_string}\"},\"query-input\":{\"@type\":\"PropertyValueSpecification\",\"valueRequired\":true,\"valueName\":\"search_term_string\"}}],\"inLanguage\":\"de-AT\"},{\"@type\":\"Organization\",\"@id\":\"https:\\\/\\\/dropsofsoul.at\\\/#organization\",\"name\":\"Dropsofsoul\",\"url\":\"https:\\\/\\\/dropsofsoul.at\\\/\",\"logo\":{\"@type\":\"ImageObject\",\"inLanguage\":\"de-AT\",\"@id\":\"https:\\\/\\\/dropsofsoul.at\\\/#\\\/schema\\\/logo\\\/image\\\/\",\"url\":\"https:\\\/\\\/i0.wp.com\\\/dropsofsoul.at\\\/wp-content\\\/uploads\\\/2025\\\/04\\\/3E968321-2679-49CD-8346-3B74D2CF824B-removebg-preview.png?fit=612%2C408&ssl=1\",\"contentUrl\":\"https:\\\/\\\/i0.wp.com\\\/dropsofsoul.at\\\/wp-content\\\/uploads\\\/2025\\\/04\\\/3E968321-2679-49CD-8346-3B74D2CF824B-removebg-preview.png?fit=612%2C408&ssl=1\",\"width\":612,\"height\":408,\"caption\":\"Dropsofsoul\"},\"image\":{\"@id\":\"https:\\\/\\\/dropsofsoul.at\\\/#\\\/schema\\\/logo\\\/image\\\/\"},\"sameAs\":[\"https:\\\/\\\/www.instagram.com\\\/dropsofsoul_at?igsh=MXRtN3Bmcmx3d2QzZA&utm_source=qr\"]}]}<\/script>\n<!-- \/ Yoast SEO plugin. -->","yoast_head_json":{"title":"Roasted Corn & Smoked Chili Bitters - Dropsofsoul","robots":{"index":"index","follow":"follow","max-snippet":"max-snippet:-1","max-image-preview":"max-image-preview:large","max-video-preview":"max-video-preview:-1"},"canonical":"https:\/\/dropsofsoul.at\/de\/product\/roasted-corn-and-smoked-chili-bitters\/","og_locale":"de_DE","og_type":"article","og_title":"Roasted Corn & Smoked Chili Bitters - Dropsofsoul","og_description":"Sweet roasted corn meets smoky chilies and warm spices. A savory, earthy bitters with subtle heat\u2014crafted to add depth and fire to bold cocktail creations.","og_url":"https:\/\/dropsofsoul.at\/de\/product\/roasted-corn-and-smoked-chili-bitters\/","og_site_name":"Dropsofsoul","article_modified_time":"2025-10-03T10:10:28+00:00","og_image":[{"width":800,"height":800,"url":"https:\/\/i0.wp.com\/9xt.18d.myftpupload.com\/wp-content\/uploads\/2025\/04\/roasted-corn-chipotle-bitters-drops-of-soul.png?fit=800%2C800&ssl=1","type":"image\/png"}],"twitter_card":"summary_large_image","schema":{"@context":"https:\/\/schema.org","@graph":[{"@type":"WebPage","@id":"https:\/\/dropsofsoul.at\/product\/roasted-corn-and-smoked-chili-bitters\/","url":"https:\/\/dropsofsoul.at\/product\/roasted-corn-and-smoked-chili-bitters\/","name":"Roasted Corn & Smoked Chili Bitters - Dropsofsoul","isPartOf":{"@id":"https:\/\/dropsofsoul.at\/#website"},"primaryImageOfPage":{"@id":"https:\/\/dropsofsoul.at\/product\/roasted-corn-and-smoked-chili-bitters\/#primaryimage"},"image":{"@id":"https:\/\/dropsofsoul.at\/product\/roasted-corn-and-smoked-chili-bitters\/#primaryimage"},"thumbnailUrl":"https:\/\/i0.wp.com\/dropsofsoul.at\/wp-content\/uploads\/2025\/04\/roasted-corn-chipotle-bitters-drops-of-soul.png?fit=800%2C800&ssl=1","datePublished":"2025-04-22T11:16:19+00:00","dateModified":"2025-10-03T10:10:28+00:00","breadcrumb":{"@id":"https:\/\/dropsofsoul.at\/product\/roasted-corn-and-smoked-chili-bitters\/#breadcrumb"},"inLanguage":"de-AT","potentialAction":[{"@type":"ReadAction","target":["https:\/\/dropsofsoul.at\/product\/roasted-corn-and-smoked-chili-bitters\/"]}]},{"@type":"ImageObject","inLanguage":"de-AT","@id":"https:\/\/dropsofsoul.at\/product\/roasted-corn-and-smoked-chili-bitters\/#primaryimage","url":"https:\/\/i0.wp.com\/dropsofsoul.at\/wp-content\/uploads\/2025\/04\/roasted-corn-chipotle-bitters-drops-of-soul.png?fit=800%2C800&ssl=1","contentUrl":"https:\/\/i0.wp.com\/dropsofsoul.at\/wp-content\/uploads\/2025\/04\/roasted-corn-chipotle-bitters-drops-of-soul.png?fit=800%2C800&ssl=1","width":800,"height":800},{"@type":"BreadcrumbList","@id":"https:\/\/dropsofsoul.at\/product\/roasted-corn-and-smoked-chili-bitters\/#breadcrumb","itemListElement":[{"@type":"ListItem","position":1,"name":"Home","item":"https:\/\/dropsofsoul.at\/"},{"@type":"ListItem","position":2,"name":"Shop","item":"https:\/\/dropsofsoul.at\/premium-cocktail-ingredients-bitters-shrubs-cocktail-sets\/"},{"@type":"ListItem","position":3,"name":"Roasted Corn &#038; Smoked Chili Bitters"}]},{"@type":"WebSite","@id":"https:\/\/dropsofsoul.at\/#website","url":"https:\/\/dropsofsoul.at\/","name":"Dropsofsoul","description":"Artisanal Cocktail Essentials","publisher":{"@id":"https:\/\/dropsofsoul.at\/#organization"},"potentialAction":[{"@type":"SearchAction","target":{"@type":"EntryPoint","urlTemplate":"https:\/\/dropsofsoul.at\/?s={search_term_string}"},"query-input":{"@type":"PropertyValueSpecification","valueRequired":true,"valueName":"search_term_string"}}],"inLanguage":"de-AT"},{"@type":"Organization","@id":"https:\/\/dropsofsoul.at\/#organization","name":"Dropsofsoul","url":"https:\/\/dropsofsoul.at\/","logo":{"@type":"ImageObject","inLanguage":"de-AT","@id":"https:\/\/dropsofsoul.at\/#\/schema\/logo\/image\/","url":"https:\/\/i0.wp.com\/dropsofsoul.at\/wp-content\/uploads\/2025\/04\/3E968321-2679-49CD-8346-3B74D2CF824B-removebg-preview.png?fit=612%2C408&ssl=1","contentUrl":"https:\/\/i0.wp.com\/dropsofsoul.at\/wp-content\/uploads\/2025\/04\/3E968321-2679-49CD-8346-3B74D2CF824B-removebg-preview.png?fit=612%2C408&ssl=1","width":612,"height":408,"caption":"Dropsofsoul"},"image":{"@id":"https:\/\/dropsofsoul.at\/#\/schema\/logo\/image\/"},"sameAs":["https:\/\/www.instagram.com\/dropsofsoul_at?igsh=MXRtN3Bmcmx3d2QzZA&utm_source=qr"]}]}},"jetpack_publicize_connections":[],"jetpack_sharing_enabled":true,"jetpack_likes_enabled":true,"_links":{"self":[{"href":"https:\/\/dropsofsoul.at\/de\/wp-json\/wp\/v2\/product\/170","targetHints":{"allow":["GET"]}}],"collection":[{"href":"https:\/\/dropsofsoul.at\/de\/wp-json\/wp\/v2\/product"}],"about":[{"href":"https:\/\/dropsofsoul.at\/de\/wp-json\/wp\/v2\/types\/product"}],"replies":[{"embeddable":true,"href":"https:\/\/dropsofsoul.at\/de\/wp-json\/wp\/v2\/comments?post=170"}],"wp:featuredmedia":[{"embeddable":true,"href":"https:\/\/dropsofsoul.at\/de\/wp-json\/wp\/v2\/media\/8420"}],"wp:attachment":[{"href":"https:\/\/dropsofsoul.at\/de\/wp-json\/wp\/v2\/media?parent=170"}],"wp:term":[{"taxonomy":"product_brand","embeddable":true,"href":"https:\/\/dropsofsoul.at\/de\/wp-json\/wp\/v2\/product_brand?post=170"},{"taxonomy":"product_cat","embeddable":true,"href":"https:\/\/dropsofsoul.at\/de\/wp-json\/wp\/v2\/product_cat?post=170"},{"taxonomy":"product_tag","embeddable":true,"href":"https:\/\/dropsofsoul.at\/de\/wp-json\/wp\/v2\/product_tag?post=170"}],"curies":[{"name":"wp","href":"https:\/\/api.w.org\/{rel}","templated":true}]}}