{"id":8622,"date":"2025-09-10T14:47:28","date_gmt":"2025-09-10T12:47:28","guid":{"rendered":"https:\/\/dropsofsoul.at\/?page_id=8622"},"modified":"2025-09-10T14:59:30","modified_gmt":"2025-09-10T12:59:30","slug":"legal-notice","status":"publish","type":"page","link":"https:\/\/dropsofsoul.at\/de\/legal-notice\/","title":{"rendered":"Impressum"},"content":{"rendered":"<h4 class=\"wp-block-heading\">Impressum Angaben gem\u00e4\u00df \u00a7 5 ECG &amp; \u00a7 25 MedienG<\/h4>\n\n\n\n<p><strong>Unternehmensname:<\/strong><br><code><mark style=\"background-color:rgba(0, 0, 0, 0)\" class=\"has-inline-color has-ast-global-color-0-color\">Dropsofsoul e.U<\/mark><\/code><\/p>\n\n\n\n<p><strong>Inhaber:<\/strong><br>Andrei Racavciuc<\/p>\n\n\n\n<p class=\"translation-block\"><strong>Address:<\/strong><br>Brigittaplatz 9<br>1200 Wien, \u00d6sterreich<\/p>\n\n\n\n<p><strong>Kontakt:<\/strong><br>E-Mail: <code><mark style=\"background-color:rgba(0, 0, 0, 0)\" class=\"has-inline-color has-ast-global-color-0-color\">office@dropsofsoul.com<\/mark><\/code><br>Telefon: <code><mark style=\"background-color:rgba(0, 0, 0, 0)\" class=\"has-inline-color has-ast-global-color-0-color\">+43 670 353 8025.<\/mark><\/code>  <\/p>\n\n\n\n<p>Website:  <a href=\"https:\/\/dropsofsoul.at\/de\/\"><code><kbd> www.dropsofsoul.at  <\/kbd><\/code><\/a><\/p>\n\n\n\n<p><strong>Unternehmensdaten:<\/strong><br>Rechtsform: Einzelunternehmen (e.U.)<br>Gewerbe: Freies Gewerbe<br>Firmenbuchnummer: <code><mark style=\"background-color:rgba(0, 0, 0, 0)\" class=\"has-inline-color has-ast-global-color-0-color\">FN650600s<\/mark><\/code><br>Unternehmensregisterkennziffer: <code><mark style=\"background-color:rgba(0, 0, 0, 0)\" class=\"has-inline-color has-ast-global-color-0-color\">R155J959B<\/mark><\/code><br>UID-Nr.: <code><mark style=\"background-color:rgba(0, 0, 0, 0)\" class=\"has-inline-color has-ast-global-color-0-color\">ATU81995423<\/mark><\/code><\/p>\n\n\n\n<p><strong>Aufsichtsbeh\u00f6rde:<\/strong><br>Magistratisches Bezirksamt f\u00fcr den 20. Bezirk, Wien<\/p>\n\n\n\n<p><strong>Mitgliedschaft:<\/strong><br>Wirtschaftskammer Wien<\/p>\n\n\n\n<p><strong>Haftungsausschluss:<\/strong><br>Trotz sorgf\u00e4ltiger Kontrolle \u00fcbernehmen wir keine Haftung f\u00fcr Inhalte externer Links. F\u00fcr den Inhalt der verlinkten Seiten sind ausschlie\u00dflich deren Betreiber verantwortlich.<\/p>\n\n\n\n<p><strong>Urheberrecht:<\/strong><br>Alle Inhalte, Texte, Bilder und Designs sind urheberrechtlich gesch\u00fctzt. Jede Nutzung ohne ausdr\u00fcckliche Genehmigung ist untersagt.<\/p>","protected":false},"excerpt":{"rendered":"<p>Legal Notice Information according to \u00a7 5 ECG &amp; \u00a7 25 MedienG Company Name:Dropsofsoul e.U Owner:Andrei Racavciuc Address:Brigittaplatz 91200 Vienna, Austria Contact:E-Mail: office@dropsofsoul.comPhone: +43 670 353 8025. Website: www.dropsofsoul.at Company Details:Legal form: Sole proprietorship (e.U.)Trade license: Free tradeCompany register number: FN650600sBusiness register code: R155J959BVAT ID: ATU81995423 Supervisory authority:Magistratisches Bezirksamt f\u00fcr den 20th District, Vienna Membership:Vienna [&hellip;]<\/p>\n","protected":false},"author":1,"featured_media":0,"parent":0,"menu_order":0,"comment_status":"closed","ping_status":"closed","template":"","meta":{"site-sidebar-layout":"default","site-content-layout":"","ast-site-content-layout":"default","site-content-style":"default","site-sidebar-style":"default","ast-global-header-display":"","ast-banner-title-visibility":"","ast-main-header-display":"","ast-hfb-above-header-display":"","ast-hfb-below-header-display":"","ast-hfb-mobile-header-display":"","site-post-title":"","ast-breadcrumbs-content":"","ast-featured-img":"","footer-sml-layout":"","ast-disable-related-posts":"","theme-transparent-header-meta":"","adv-header-id-meta":"","stick-header-meta":"","header-above-stick-meta":"","header-main-stick-meta":"","header-below-stick-meta":"","astra-migrate-meta-layouts":"set","ast-page-background-enabled":"default","ast-page-background-meta":{"desktop":{"background-color":"","background-image":"","background-repeat":"repeat","background-position":"center center","background-size":"auto","background-attachment":"scroll","background-type":"","background-media":"","overlay-type":"","overlay-color":"","overlay-opacity":"","overlay-gradient":""},"tablet":{"background-color":"","background-image":"","background-repeat":"repeat","background-position":"center center","background-size":"auto","background-attachment":"scroll","background-type":"","background-media":"","overlay-type":"","overlay-color":"","overlay-opacity":"","overlay-gradient":""},"mobile":{"background-color":"","background-image":"","background-repeat":"repeat","background-position":"center center","background-size":"auto","background-attachment":"scroll","background-type":"","background-media":"","overlay-type":"","overlay-color":"","overlay-opacity":"","overlay-gradient":""}},"ast-content-background-meta":{"desktop":{"background-color":"var(--ast-global-color-5)","background-image":"","background-repeat":"repeat","background-position":"center center","background-size":"auto","background-attachment":"scroll","background-type":"","background-media":"","overlay-type":"","overlay-color":"","overlay-opacity":"","overlay-gradient":""},"tablet":{"background-color":"var(--ast-global-color-5)","background-image":"","background-repeat":"repeat","background-position":"center center","background-size":"auto","background-attachment":"scroll","background-type":"","background-media":"","overlay-type":"","overlay-color":"","overlay-opacity":"","overlay-gradient":""},"mobile":{"background-color":"var(--ast-global-color-5)","background-image":"","background-repeat":"repeat","background-position":"center center","background-size":"auto","background-attachment":"scroll","background-type":"","background-media":"","overlay-type":"","overlay-color":"","overlay-opacity":"","overlay-gradient":""}},"jetpack_post_was_ever_published":false,"footnotes":"[]"},"class_list":["post-8622","page","type-page","status-publish","hentry","_wholesalex wsx-wholesalex-product"],"yoast_head":"<!-- This site is optimized with the Yoast SEO plugin v27.5 - https:\/\/yoast.com\/product\/yoast-seo-wordpress\/ -->\n<title>Legal Notice - Dropsofsoul<\/title>\n<meta name=\"robots\" content=\"index, follow, max-snippet:-1, max-image-preview:large, max-video-preview:-1\" \/>\n<link rel=\"canonical\" href=\"https:\/\/dropsofsoul.at\/de\/legal-notice\/\" \/>\n<meta property=\"og:locale\" content=\"de_DE\" \/>\n<meta property=\"og:type\" content=\"article\" \/>\n<meta property=\"og:title\" content=\"Legal Notice - Dropsofsoul\" \/>\n<meta property=\"og:description\" content=\"Legal Notice Information according to \u00a7 5 ECG &amp; \u00a7 25 MedienG Company Name:Dropsofsoul e.U Owner:Andrei Racavciuc Address:Brigittaplatz 91200 Vienna, Austria Contact:E-Mail: office@dropsofsoul.comPhone: +43 670 353 8025. Website: www.dropsofsoul.at Company Details:Legal form: Sole proprietorship (e.U.)Trade license: Free tradeCompany register number: FN650600sBusiness register code: R155J959BVAT ID: ATU81995423 Supervisory authority:Magistratisches Bezirksamt f\u00fcr den 20th District, Vienna Membership:Vienna [&hellip;]\" \/>\n<meta property=\"og:url\" content=\"https:\/\/dropsofsoul.at\/de\/legal-notice\/\" \/>\n<meta property=\"og:site_name\" content=\"Dropsofsoul\" \/>\n<meta property=\"article:modified_time\" content=\"2025-09-10T12:59:30+00:00\" \/>\n<meta name=\"twitter:card\" content=\"summary_large_image\" \/>\n<meta name=\"twitter:label1\" content=\"Gesch\u00e4tzte Lesezeit\" \/>\n\t<meta name=\"twitter:data1\" content=\"1 Minute\" \/>\n<script type=\"application\/ld+json\" class=\"yoast-schema-graph\">{\"@context\":\"https:\\\/\\\/schema.org\",\"@graph\":[{\"@type\":\"WebPage\",\"@id\":\"https:\\\/\\\/dropsofsoul.at\\\/legal-notice\\\/\",\"url\":\"https:\\\/\\\/dropsofsoul.at\\\/legal-notice\\\/\",\"name\":\"Legal Notice - Dropsofsoul\",\"isPartOf\":{\"@id\":\"https:\\\/\\\/dropsofsoul.at\\\/#website\"},\"datePublished\":\"2025-09-10T12:47:28+00:00\",\"dateModified\":\"2025-09-10T12:59:30+00:00\",\"breadcrumb\":{\"@id\":\"https:\\\/\\\/dropsofsoul.at\\\/legal-notice\\\/#breadcrumb\"},\"inLanguage\":\"de-AT\",\"potentialAction\":[{\"@type\":\"ReadAction\",\"target\":[\"https:\\\/\\\/dropsofsoul.at\\\/legal-notice\\\/\"]}]},{\"@type\":\"BreadcrumbList\",\"@id\":\"https:\\\/\\\/dropsofsoul.at\\\/legal-notice\\\/#breadcrumb\",\"itemListElement\":[{\"@type\":\"ListItem\",\"position\":1,\"name\":\"Home\",\"item\":\"https:\\\/\\\/dropsofsoul.at\\\/\"},{\"@type\":\"ListItem\",\"position\":2,\"name\":\"Legal Notice\"}]},{\"@type\":\"WebSite\",\"@id\":\"https:\\\/\\\/dropsofsoul.at\\\/#website\",\"url\":\"https:\\\/\\\/dropsofsoul.at\\\/\",\"name\":\"Dropsofsoul\",\"description\":\"Artisanal Cocktail Essentials\",\"publisher\":{\"@id\":\"https:\\\/\\\/dropsofsoul.at\\\/#organization\"},\"potentialAction\":[{\"@type\":\"SearchAction\",\"target\":{\"@type\":\"EntryPoint\",\"urlTemplate\":\"https:\\\/\\\/dropsofsoul.at\\\/?s={search_term_string}\"},\"query-input\":{\"@type\":\"PropertyValueSpecification\",\"valueRequired\":true,\"valueName\":\"search_term_string\"}}],\"inLanguage\":\"de-AT\"},{\"@type\":\"Organization\",\"@id\":\"https:\\\/\\\/dropsofsoul.at\\\/#organization\",\"name\":\"Dropsofsoul\",\"url\":\"https:\\\/\\\/dropsofsoul.at\\\/\",\"logo\":{\"@type\":\"ImageObject\",\"inLanguage\":\"de-AT\",\"@id\":\"https:\\\/\\\/dropsofsoul.at\\\/#\\\/schema\\\/logo\\\/image\\\/\",\"url\":\"https:\\\/\\\/i0.wp.com\\\/dropsofsoul.at\\\/wp-content\\\/uploads\\\/2025\\\/04\\\/3E968321-2679-49CD-8346-3B74D2CF824B-removebg-preview.png?fit=612%2C408&ssl=1\",\"contentUrl\":\"https:\\\/\\\/i0.wp.com\\\/dropsofsoul.at\\\/wp-content\\\/uploads\\\/2025\\\/04\\\/3E968321-2679-49CD-8346-3B74D2CF824B-removebg-preview.png?fit=612%2C408&ssl=1\",\"width\":612,\"height\":408,\"caption\":\"Dropsofsoul\"},\"image\":{\"@id\":\"https:\\\/\\\/dropsofsoul.at\\\/#\\\/schema\\\/logo\\\/image\\\/\"},\"sameAs\":[\"https:\\\/\\\/www.instagram.com\\\/dropsofsoul_at?igsh=MXRtN3Bmcmx3d2QzZA&utm_source=qr\"]}]}<\/script>\n<!-- \/ Yoast SEO plugin. -->","yoast_head_json":{"title":"Legal Notice - Dropsofsoul","robots":{"index":"index","follow":"follow","max-snippet":"max-snippet:-1","max-image-preview":"max-image-preview:large","max-video-preview":"max-video-preview:-1"},"canonical":"https:\/\/dropsofsoul.at\/de\/legal-notice\/","og_locale":"de_DE","og_type":"article","og_title":"Legal Notice - Dropsofsoul","og_description":"Legal Notice Information according to \u00a7 5 ECG &amp; \u00a7 25 MedienG Company Name:Dropsofsoul e.U Owner:Andrei Racavciuc Address:Brigittaplatz 91200 Vienna, Austria Contact:E-Mail: office@dropsofsoul.comPhone: +43 670 353 8025. Website: www.dropsofsoul.at Company Details:Legal form: Sole proprietorship (e.U.)Trade license: Free tradeCompany register number: FN650600sBusiness register code: R155J959BVAT ID: ATU81995423 Supervisory authority:Magistratisches Bezirksamt f\u00fcr den 20th District, Vienna Membership:Vienna [&hellip;]","og_url":"https:\/\/dropsofsoul.at\/de\/legal-notice\/","og_site_name":"Dropsofsoul","article_modified_time":"2025-09-10T12:59:30+00:00","twitter_card":"summary_large_image","twitter_misc":{"Gesch\u00e4tzte Lesezeit":"1 Minute"},"schema":{"@context":"https:\/\/schema.org","@graph":[{"@type":"WebPage","@id":"https:\/\/dropsofsoul.at\/legal-notice\/","url":"https:\/\/dropsofsoul.at\/legal-notice\/","name":"Legal Notice - Dropsofsoul","isPartOf":{"@id":"https:\/\/dropsofsoul.at\/#website"},"datePublished":"2025-09-10T12:47:28+00:00","dateModified":"2025-09-10T12:59:30+00:00","breadcrumb":{"@id":"https:\/\/dropsofsoul.at\/legal-notice\/#breadcrumb"},"inLanguage":"de-AT","potentialAction":[{"@type":"ReadAction","target":["https:\/\/dropsofsoul.at\/legal-notice\/"]}]},{"@type":"BreadcrumbList","@id":"https:\/\/dropsofsoul.at\/legal-notice\/#breadcrumb","itemListElement":[{"@type":"ListItem","position":1,"name":"Home","item":"https:\/\/dropsofsoul.at\/"},{"@type":"ListItem","position":2,"name":"Legal Notice"}]},{"@type":"WebSite","@id":"https:\/\/dropsofsoul.at\/#website","url":"https:\/\/dropsofsoul.at\/","name":"Dropsofsoul","description":"Artisanal Cocktail Essentials","publisher":{"@id":"https:\/\/dropsofsoul.at\/#organization"},"potentialAction":[{"@type":"SearchAction","target":{"@type":"EntryPoint","urlTemplate":"https:\/\/dropsofsoul.at\/?s={search_term_string}"},"query-input":{"@type":"PropertyValueSpecification","valueRequired":true,"valueName":"search_term_string"}}],"inLanguage":"de-AT"},{"@type":"Organization","@id":"https:\/\/dropsofsoul.at\/#organization","name":"Dropsofsoul","url":"https:\/\/dropsofsoul.at\/","logo":{"@type":"ImageObject","inLanguage":"de-AT","@id":"https:\/\/dropsofsoul.at\/#\/schema\/logo\/image\/","url":"https:\/\/i0.wp.com\/dropsofsoul.at\/wp-content\/uploads\/2025\/04\/3E968321-2679-49CD-8346-3B74D2CF824B-removebg-preview.png?fit=612%2C408&ssl=1","contentUrl":"https:\/\/i0.wp.com\/dropsofsoul.at\/wp-content\/uploads\/2025\/04\/3E968321-2679-49CD-8346-3B74D2CF824B-removebg-preview.png?fit=612%2C408&ssl=1","width":612,"height":408,"caption":"Dropsofsoul"},"image":{"@id":"https:\/\/dropsofsoul.at\/#\/schema\/logo\/image\/"},"sameAs":["https:\/\/www.instagram.com\/dropsofsoul_at?igsh=MXRtN3Bmcmx3d2QzZA&utm_source=qr"]}]}},"jetpack_sharing_enabled":true,"jetpack_likes_enabled":true,"_links":{"self":[{"href":"https:\/\/dropsofsoul.at\/de\/wp-json\/wp\/v2\/pages\/8622","targetHints":{"allow":["GET"]}}],"collection":[{"href":"https:\/\/dropsofsoul.at\/de\/wp-json\/wp\/v2\/pages"}],"about":[{"href":"https:\/\/dropsofsoul.at\/de\/wp-json\/wp\/v2\/types\/page"}],"author":[{"embeddable":true,"href":"https:\/\/dropsofsoul.at\/de\/wp-json\/wp\/v2\/users\/1"}],"replies":[{"embeddable":true,"href":"https:\/\/dropsofsoul.at\/de\/wp-json\/wp\/v2\/comments?post=8622"}],"version-history":[{"count":2,"href":"https:\/\/dropsofsoul.at\/de\/wp-json\/wp\/v2\/pages\/8622\/revisions"}],"predecessor-version":[{"id":8625,"href":"https:\/\/dropsofsoul.at\/de\/wp-json\/wp\/v2\/pages\/8622\/revisions\/8625"}],"wp:attachment":[{"href":"https:\/\/dropsofsoul.at\/de\/wp-json\/wp\/v2\/media?parent=8622"}],"curies":[{"name":"wp","href":"https:\/\/api.w.org\/{rel}","templated":true}]}}